{"id":138,"date":"2019-03-18T13:01:25","date_gmt":"2019-03-18T12:01:25","guid":{"rendered":"http:\/\/intra-esavl.be\/?page_id=138"},"modified":"2026-03-27T10:07:52","modified_gmt":"2026-03-27T09:07:52","slug":"listes-etudiants-2","status":"publish","type":"page","link":"https:\/\/www.intra-esavl.be\/index.php\/administration\/listes-etudiants-2\/","title":{"rendered":"Listes \u00e9tudiants"},"content":{"rendered":"\r\n<h2><span style=\"color: #ffc900;\">Liste des \u00e9tudiants et coordonn\u00e9es<\/span><\/h2>\r\n<hr \/>\r\n<h4>Liste et coordonn\u00e9es des \u00e9tudiants :\u00a0<span style=\"color: #ff0000;\"><strong><a style=\"color: #ff0000;\" href=\"https:\/\/www.intra-esavl.be\/wp-content\/uploads\/2026\/03\/LISTE-PAR-SECTION.xlsx\" target=\"_blank\" rel=\"noopener\">cliquez ici<\/a><\/strong><\/span><\/h4>\r\n<hr \/>\r\n<h4>Population scolaire : <strong><span style=\"color: #ff0000;\"><a style=\"color: #ff0000;\" href=\"https:\/\/www.intra-esavl.be\/wp-content\/uploads\/2025\/11\/POPULATION-2025-2026.xlsx\" target=\"_blank\" rel=\"noopener\">cliquez ici<\/a><\/span><\/strong><\/h4>\r\n<hr \/>\r\n<p>&nbsp;<\/p>\r\n<p><a class=\"ab-item\" role=\"menuitem\" href=\"https:\/\/www.intra-esavl.be\/\" aria-expanded=\"true\">Portail des Etudiants<\/a><\/p>\r\n\r\n\r\n","protected":false},"excerpt":{"rendered":"<p>Liste des \u00e9tudiants et coordonn\u00e9es Liste et coordonn\u00e9es des \u00e9tudiants :\u00a0cliquez ici Population scolaire : cliquez ici &nbsp; Portail des Etudiants<\/p>\n","protected":false},"author":1,"featured_media":0,"parent":49,"menu_order":0,"comment_status":"closed","ping_status":"closed","template":"","meta":{"footnotes":""},"class_list":["post-138","page","type-page","status-publish","hentry"],"_links":{"self":[{"href":"https:\/\/www.intra-esavl.be\/index.php\/wp-json\/wp\/v2\/pages\/138","targetHints":{"allow":["GET"]}}],"collection":[{"href":"https:\/\/www.intra-esavl.be\/index.php\/wp-json\/wp\/v2\/pages"}],"about":[{"href":"https:\/\/www.intra-esavl.be\/index.php\/wp-json\/wp\/v2\/types\/page"}],"author":[{"embeddable":true,"href":"https:\/\/www.intra-esavl.be\/index.php\/wp-json\/wp\/v2\/users\/1"}],"replies":[{"embeddable":true,"href":"https:\/\/www.intra-esavl.be\/index.php\/wp-json\/wp\/v2\/comments?post=138"}],"version-history":[{"count":56,"href":"https:\/\/www.intra-esavl.be\/index.php\/wp-json\/wp\/v2\/pages\/138\/revisions"}],"predecessor-version":[{"id":6953,"href":"https:\/\/www.intra-esavl.be\/index.php\/wp-json\/wp\/v2\/pages\/138\/revisions\/6953"}],"up":[{"embeddable":true,"href":"https:\/\/www.intra-esavl.be\/index.php\/wp-json\/wp\/v2\/pages\/49"}],"wp:attachment":[{"href":"https:\/\/www.intra-esavl.be\/index.php\/wp-json\/wp\/v2\/media?parent=138"}],"curies":[{"name":"wp","href":"https:\/\/api.w.org\/{rel}","templated":true}]}}