{"id":2188,"date":"2020-10-14T17:31:03","date_gmt":"2020-10-14T15:31:03","guid":{"rendered":"https:\/\/www.intra-esavl.be\/?page_id=2188"},"modified":"2021-01-11T13:11:37","modified_gmt":"2021-01-11T12:11:37","slug":"henrion-2","status":"publish","type":"page","link":"https:\/\/www.intra-esavl.be\/index.php\/covid-19-2\/cours-generaux-1er-quadri\/henrion-2\/","title":{"rendered":"Henrion"},"content":{"rendered":"<p>Contact :\u00a0<a href=\"mailto:p.henrion@intra-esavl.be\">p.henrion@intra-esavl.be<\/a><\/p>\n<hr \/>\n<p><strong>Support 1er quadrimestre : H.A.A.\/19-20\u00e8me si\u00e8cle<br \/>\n<\/strong><\/p>\n<hr \/>\n<ul>\n<li><strong>1\u00e8re Bachelier : Sc\u00e9nographie\/Vid\u00e9ographie\/Publicit\u00e9\/Illustration\/Bande Dessin\u00e9e<\/strong><\/li>\n<\/ul>\n<ol>\n<li><a href=\"https:\/\/www.intra-esavl.be\/wp-content\/uploads\/2020\/10\/Support-2-1.pdf\" target=\"_blank\" rel=\"noopener noreferrer\">Support \u00e9crit PDF<\/a><\/li>\n<li>Biblioth\u00e8que d&rsquo;images :<\/li>\n<\/ol>\n<p style=\"text-align: left;\">\u00a0 <a href=\"https:\/\/www.intra-esavl.be\/wp-content\/uploads\/2020\/10\/Impressionisme.pdf\" target=\"_blank\" rel=\"noopener noreferrer\">Impressionisme<\/a>\/<a href=\"https:\/\/www.intra-esavl.be\/wp-content\/uploads\/2020\/10\/N\u00e9o-Classicisme-1.pdf\" target=\"_blank\" rel=\"noopener noreferrer\">N\u00e9o-Classicisme<\/a>\/<a href=\"https:\/\/www.intra-esavl.be\/wp-content\/uploads\/2020\/10\/N\u00e9ogothique-Li\u00e8ge.pdf\" target=\"_blank\" rel=\"noopener noreferrer\">N\u00e9ogothique Li\u00e8ge<\/a>\/<a href=\"https:\/\/www.intra-esavl.be\/wp-content\/uploads\/2020\/10\/N\u00e9o-Impressionnisme.pdf\" target=\"_blank\" rel=\"noopener noreferrer\">N\u00e9o-Impressionnisme<\/a>\/<a href=\"https:\/\/www.intra-esavl.be\/wp-content\/uploads\/2020\/10\/R\u00e9alisme.pdf\" target=\"_blank\" rel=\"noopener noreferrer\">R\u00e9alisme<\/a>\/<a href=\"https:\/\/www.intra-esavl.be\/wp-content\/uploads\/2020\/10\/Romantisme.pdf\" target=\"_blank\" rel=\"noopener noreferrer\">Romantisme<\/a>\/<a href=\"https:\/\/www.intra-esavl.be\/wp-content\/uploads\/2020\/10\/Symbolisme.pdf\" target=\"_blank\" rel=\"noopener noreferrer\">Symbolisme<\/a><\/p>\n<ul>\n<li><strong>3\u00e8me Bachelier : Peinture\/Sculpture\/Gravure<\/strong><\/li>\n<\/ul>\n<ol>\n<li><a href=\"https:\/\/www.intra-esavl.be\/wp-content\/uploads\/2020\/10\/Support-\u00e9crit-PDF.pdf\" target=\"_blank\" rel=\"noopener noreferrer\">Support \u00e9crit PDF<\/a><\/li>\n<li>Biblioth\u00e8que d&rsquo;images :<\/li>\n<\/ol>\n<p><a href=\"https:\/\/www.intra-esavl.be\/wp-content\/uploads\/2020\/10\/Albert-Speer.pdf\" target=\"_blank\" rel=\"noopener noreferrer\">\u00a0 Albert Speer<\/a>\/<a href=\"https:\/\/www.intra-esavl.be\/wp-content\/uploads\/2020\/10\/Art-d\u00e9g\u00e9n\u00e9r\u00e9.pdf\" target=\"_blank\" rel=\"noopener noreferrer\">Art d\u00e9g\u00e9n\u00e9r\u00e9<\/a>\/<a href=\"https:\/\/www.intra-esavl.be\/wp-content\/uploads\/2020\/10\/Expressionnisme-Ecole-de-Paris.pdf\" target=\"_blank\" rel=\"noopener noreferrer\">Expressionnisme Ecole de Paris<\/a>\/<a href=\"https:\/\/www.intra-esavl.be\/wp-content\/uploads\/2020\/10\/Expressionnisme-flamand.pdf\" target=\"_blank\" rel=\"noopener noreferrer\">Expressionnisme flamand<\/a>\/<a href=\"https:\/\/www.intra-esavl.be\/wp-content\/uploads\/2020\/10\/Expressionnisme-Fritz-Lang.pdf\" target=\"_blank\" rel=\"noopener noreferrer\">Expressionnisme Fritz Lang<\/a><\/p>\n<p><a href=\"https:\/\/www.intra-esavl.be\/wp-content\/uploads\/2020\/10\/Expressionnisme-Introduction.pdf\" target=\"_blank\" rel=\"noopener noreferrer\">\u00a0 Expressionnisme Introduction<\/a>\/<a href=\"https:\/\/www.intra-esavl.be\/wp-content\/uploads\/2020\/10\/Expressionnisme-wallon.pdf\" target=\"_blank\" rel=\"noopener noreferrer\">Expressionnisme wallon<\/a>\/<a href=\"https:\/\/www.intra-esavl.be\/wp-content\/uploads\/2020\/10\/N\u00e9o-R\u00e9alisme-en-Belgique.pdf\" target=\"_blank\" rel=\"noopener noreferrer\">N\u00e9o R\u00e9alisme en Belgique<\/a>\/<a href=\"https:\/\/www.intra-esavl.be\/wp-content\/uploads\/2020\/10\/Nouvelle-Objectivit\u00e9.pdf\" target=\"_blank\" rel=\"noopener noreferrer\">Nouvelle Objectivit\u00e9<\/a><\/p>\n<ul>\n<li><strong>3\u00e8me Bachelier : Sc\u00e9nographie\/Vid\u00e9ographie<\/strong><\/li>\n<\/ul>\n<ol>\n<li><a href=\"https:\/\/www.intra-esavl.be\/wp-content\/uploads\/2020\/10\/Support-\u00e9crit-PDF-3.pdf\" target=\"_blank\" rel=\"noopener noreferrer\">Support \u00e9crit PDF<\/a><\/li>\n<li>Biblioth\u00e8que d&rsquo;images :<\/li>\n<\/ol>\n<p><a href=\"https:\/\/www.intra-esavl.be\/wp-content\/uploads\/2020\/10\/Albert-Speer-2.pdf\" target=\"_blank\" rel=\"noopener noreferrer\">Albert Speer<\/a>\/<a href=\"https:\/\/www.intra-esavl.be\/wp-content\/uploads\/2020\/10\/Art-d\u00e9co-\u00e0-Li\u00e8ge.pdf\" target=\"_blank\" rel=\"noopener noreferrer\">Art d\u00e9co \u00e0 Li\u00e8ge<\/a>\/<a href=\"https:\/\/www.intra-esavl.be\/wp-content\/uploads\/2020\/10\/Art-d\u00e9co.pdf\" target=\"_blank\" rel=\"noopener noreferrer\">Art d\u00e9co<\/a>\/<a href=\"https:\/\/www.intra-esavl.be\/wp-content\/uploads\/2020\/10\/Art-d\u00e9g\u00e9n\u00e9r\u00e9-1.pdf\" target=\"_blank\" rel=\"noopener noreferrer\">Art d\u00e9g\u00e9n\u00e9r\u00e9<\/a>\/<a href=\"https:\/\/www.intra-esavl.be\/wp-content\/uploads\/2020\/10\/Expressionnisme-Ecole-de-Paris-1.pdf\" target=\"_blank\" rel=\"noopener noreferrer\">Expressionnisme Ecole de Paris<\/a>\/<a href=\"https:\/\/www.intra-esavl.be\/wp-content\/uploads\/2020\/10\/Expressionnisme-flamand-2.pdf\" target=\"_blank\" rel=\"noopener noreferrer\">Expressionnisme flamand<\/a><\/p>\n<p><a href=\"https:\/\/www.intra-esavl.be\/wp-content\/uploads\/2020\/10\/Expressionnisme-introduction.pdf\" target=\"_blank\" rel=\"noopener noreferrer\">Expressionnisme introduction<\/a>\/<a href=\"https:\/\/www.intra-esavl.be\/wp-content\/uploads\/2020\/10\/Expressionnisme-wallon-2.pdf\" target=\"_blank\" rel=\"noopener noreferrer\">Expressionnisme wallon<\/a>\/<a href=\"https:\/\/www.intra-esavl.be\/wp-content\/uploads\/2020\/10\/Fritz-Lang.pdf\" target=\"_blank\" rel=\"noopener noreferrer\">Fritz Lang<\/a>\/<a href=\"https:\/\/www.intra-esavl.be\/wp-content\/uploads\/2020\/10\/Modernisme-Li\u00e8ge-1.pdf\" target=\"_blank\" rel=\"noopener noreferrer\">Modernisme Li\u00e8ge<\/a>\/<a href=\"https:\/\/www.intra-esavl.be\/wp-content\/uploads\/2020\/10\/Modernisme-R\u00e9serve.pdf\" target=\"_blank\" rel=\"noopener noreferrer\">Modernisme R\u00e9serve<\/a>\/<a href=\"https:\/\/www.intra-esavl.be\/wp-content\/uploads\/2020\/10\/Modernisme-1.pdf\" target=\"_blank\" rel=\"noopener noreferrer\">Modernisme<\/a><\/p>\n<p><a href=\"https:\/\/www.intra-esavl.be\/wp-content\/uploads\/2020\/10\/N\u00e9o-R\u00e9alisme-en-Belgique-1.pdf\" target=\"_blank\" rel=\"noopener noreferrer\">N\u00e9o R\u00e9alisme en Belgique<\/a>\/<a href=\"https:\/\/www.intra-esavl.be\/wp-content\/uploads\/2020\/10\/Nouvelle-Objectivit\u00e9-2.pdf\" target=\"_blank\" rel=\"noopener noreferrer\">Nouvelle Objectivit\u00e9<\/a>\/<a href=\"https:\/\/www.intra-esavl.be\/wp-content\/uploads\/2020\/10\/Surr\u00e9alisme-1.pdf\" target=\"_blank\" rel=\"noopener noreferrer\">Surr\u00e9alisme<\/a><\/p>\n<hr \/>\n<p><strong>Support 1er quadrimestre : H.A.A.\/Vid\u00e9o<\/strong><\/p>\n<hr \/>\n<ul>\n<li><strong>1\u00e8re Bachelier : Vid\u00e9ographie<\/strong><\/li>\n<\/ul>\n<ol>\n<li><a href=\"https:\/\/www.intra-esavl.be\/wp-content\/uploads\/2020\/10\/Support-\u00e9crit-PDF-2.pdf\" target=\"_blank\" rel=\"noopener noreferrer\">Support \u00e9crit PDF<\/a><\/li>\n<\/ol>\n","protected":false},"excerpt":{"rendered":"<p>Contact :\u00a0p.henrion@intra-esavl.be Support 1er quadrimestre : H.A.A.\/19-20\u00e8me si\u00e8cle 1\u00e8re Bachelier : Sc\u00e9nographie\/Vid\u00e9ographie\/Publicit\u00e9\/Illustration\/Bande Dessin\u00e9e Support \u00e9crit PDF Biblioth\u00e8que d&rsquo;images : \u00a0 Impressionisme\/N\u00e9o-Classicisme\/N\u00e9ogothique Li\u00e8ge\/N\u00e9o-Impressionnisme\/R\u00e9alisme\/Romantisme\/Symbolisme 3\u00e8me Bachelier : Peinture\/Sculpture\/Gravure Support \u00e9crit PDF Biblioth\u00e8que &#8230;<\/p>\n","protected":false},"author":1,"featured_media":0,"parent":2179,"menu_order":0,"comment_status":"closed","ping_status":"closed","template":"","meta":{"footnotes":""},"class_list":["post-2188","page","type-page","status-publish","hentry"],"_links":{"self":[{"href":"https:\/\/www.intra-esavl.be\/index.php\/wp-json\/wp\/v2\/pages\/2188","targetHints":{"allow":["GET"]}}],"collection":[{"href":"https:\/\/www.intra-esavl.be\/index.php\/wp-json\/wp\/v2\/pages"}],"about":[{"href":"https:\/\/www.intra-esavl.be\/index.php\/wp-json\/wp\/v2\/types\/page"}],"author":[{"embeddable":true,"href":"https:\/\/www.intra-esavl.be\/index.php\/wp-json\/wp\/v2\/users\/1"}],"replies":[{"embeddable":true,"href":"https:\/\/www.intra-esavl.be\/index.php\/wp-json\/wp\/v2\/comments?post=2188"}],"version-history":[{"count":31,"href":"https:\/\/www.intra-esavl.be\/index.php\/wp-json\/wp\/v2\/pages\/2188\/revisions"}],"predecessor-version":[{"id":2512,"href":"https:\/\/www.intra-esavl.be\/index.php\/wp-json\/wp\/v2\/pages\/2188\/revisions\/2512"}],"up":[{"embeddable":true,"href":"https:\/\/www.intra-esavl.be\/index.php\/wp-json\/wp\/v2\/pages\/2179"}],"wp:attachment":[{"href":"https:\/\/www.intra-esavl.be\/index.php\/wp-json\/wp\/v2\/media?parent=2188"}],"curies":[{"name":"wp","href":"https:\/\/api.w.org\/{rel}","templated":true}]}}