{"id":2201,"date":"2020-10-14T17:34:46","date_gmt":"2020-10-14T15:34:46","guid":{"rendered":"https:\/\/www.intra-esavl.be\/?page_id=2201"},"modified":"2021-01-11T13:13:23","modified_gmt":"2021-01-11T12:13:23","slug":"sawitzkaya-2","status":"publish","type":"page","link":"https:\/\/www.intra-esavl.be\/index.php\/covid-19-2\/cours-generaux-1er-quadri\/sawitzkaya-2\/","title":{"rendered":"Sawitzkaya"},"content":{"rendered":"<p>Contact :\u00a0<a href=\"mailto:e.savitzkaya@intra-esavl.be\">e.savitzkaya@intra-esavl.be<\/a><\/p>\n<hr \/>\n<p><strong>Support 1er quadrimestre : Litt\u00e9rature<br \/>\n<\/strong><\/p>\n<hr \/>\n<ul>\n<li><strong>1\u00e8re Bachelier : Publicit\u00e9\/Illustration\/Bande Dessin\u00e9e\/Gravure\/Vid\u00e9ographie<\/strong><\/li>\n<\/ul>\n<ol>\n<li><a href=\"https:\/\/www.intra-esavl.be\/wp-content\/uploads\/2020\/10\/Notes-explicatives.pdf\" target=\"_blank\" rel=\"noopener noreferrer\">Notes explicatives<\/a><\/li>\n<li><a href=\"https:\/\/www.intra-esavl.be\/wp-content\/uploads\/2020\/10\/Cours-litte\u0301rature-compL-textes-1.pdf\" target=\"_blank\" rel=\"noopener noreferrer\">Support \u00e9crit 1<\/a><\/li>\n<li><a href=\"https:\/\/www.intra-esavl.be\/wp-content\/uploads\/2020\/10\/Cours-de-litte\u0301rature-comple\u0301ment-2.pdf\" target=\"_blank\" rel=\"noopener noreferrer\">Support \u00e9crit 2<\/a><\/li>\n<li><a href=\"https:\/\/www.intra-esavl.be\/wp-content\/uploads\/2020\/11\/Cours-litte\u0301rature-compl.-texte-3.pdf\" target=\"_blank\" rel=\"noopener noreferrer\">Support \u00e9crit 3<\/a><\/li>\n<\/ol>\n<p>&nbsp;<\/p>\n","protected":false},"excerpt":{"rendered":"<p>Contact :\u00a0e.savitzkaya@intra-esavl.be Support 1er quadrimestre : Litt\u00e9rature 1\u00e8re Bachelier : Publicit\u00e9\/Illustration\/Bande Dessin\u00e9e\/Gravure\/Vid\u00e9ographie Notes explicatives Support \u00e9crit 1 Support \u00e9crit 2 Support \u00e9crit 3 &nbsp;<\/p>\n","protected":false},"author":1,"featured_media":0,"parent":2179,"menu_order":0,"comment_status":"closed","ping_status":"closed","template":"","meta":{"footnotes":""},"class_list":["post-2201","page","type-page","status-publish","hentry"],"_links":{"self":[{"href":"https:\/\/www.intra-esavl.be\/index.php\/wp-json\/wp\/v2\/pages\/2201","targetHints":{"allow":["GET"]}}],"collection":[{"href":"https:\/\/www.intra-esavl.be\/index.php\/wp-json\/wp\/v2\/pages"}],"about":[{"href":"https:\/\/www.intra-esavl.be\/index.php\/wp-json\/wp\/v2\/types\/page"}],"author":[{"embeddable":true,"href":"https:\/\/www.intra-esavl.be\/index.php\/wp-json\/wp\/v2\/users\/1"}],"replies":[{"embeddable":true,"href":"https:\/\/www.intra-esavl.be\/index.php\/wp-json\/wp\/v2\/comments?post=2201"}],"version-history":[{"count":16,"href":"https:\/\/www.intra-esavl.be\/index.php\/wp-json\/wp\/v2\/pages\/2201\/revisions"}],"predecessor-version":[{"id":2707,"href":"https:\/\/www.intra-esavl.be\/index.php\/wp-json\/wp\/v2\/pages\/2201\/revisions\/2707"}],"up":[{"embeddable":true,"href":"https:\/\/www.intra-esavl.be\/index.php\/wp-json\/wp\/v2\/pages\/2179"}],"wp:attachment":[{"href":"https:\/\/www.intra-esavl.be\/index.php\/wp-json\/wp\/v2\/media?parent=2201"}],"curies":[{"name":"wp","href":"https:\/\/api.w.org\/{rel}","templated":true}]}}