{"id":2668,"date":"2020-10-26T09:19:28","date_gmt":"2020-10-26T08:19:28","guid":{"rendered":"https:\/\/www.intra-esavl.be\/?page_id=2668"},"modified":"2025-02-26T13:07:35","modified_gmt":"2025-02-26T12:07:35","slug":"pret-de-materiel-informatique","status":"publish","type":"page","link":"https:\/\/www.intra-esavl.be\/index.php\/nos-differents-services\/pret-de-materiel-informatique\/","title":{"rendered":"Pr\u00eat de mat\u00e9riel informatique"},"content":{"rendered":"<div class=\"grve-section grve-row-section grve-fullwidth-background grve-padding-bottom-3x grve-with-bg-transparent\" data-header-color=\"default\">\n<div class=\"grve-container\">\n<div class=\"grve-row grve-bookmark grve-columns-gap-default grve-mobile-vertical-gap-30\">\n<div class=\"grve-column wpb_column grve-bookmark grve-column-1 grve-with-bg-transparent\">\n<div class=\"grve-column-wrapper\">\n<div class=\"grve-column-content\">\n<div class=\"grve-element grve-text vc_custom_1652952280852\">\n<h2><span style=\"color: #ffc900;\">Pr\u00eat de mat\u00e9riel informatique<\/span><\/h2>\n<hr \/>\n<h4>Si vous \u00e9prouvez des difficult\u00e9s financi\u00e8res et n\u2019\u00eates pas en mesure de vous procurer le mat\u00e9riel n\u00e9cessaire \u00e0 la bonne poursuite de votre scolarit\u00e9, vous pouvez introduire un dossier de demande au conseil social.<\/h4>\n<h4>Notre \u00e9tablissement met \u00e9galement \u00e0 disposition du mat\u00e9riel informatique, sous forme de pr\u00eat valable 1 mois et renouvelable. Ce type de mat\u00e9riel comprend notamment des scanners,&#8230;<\/h4>\n<h4>Les \u00e9tudiants qui auraient besoin de licences Adobe et de tablettes graphiques (iPad) dans le cadre de leurs \u00e9tudes peuvent s\u2019adresser \u00e0 Gilles Banneux par mail : <a href=\"mailto:g.banneux@intra-esavl.be\">g.banneux@intra-esavl.be<\/a><\/h4>\n<hr \/>\n<h4><strong>Contact<\/strong><\/h4>\n<hr \/>\n<h4>SALIH Fadila : <a href=\"mailto:r.sorgi@intra-esavl.be\"><span style=\"color: #ff0000;\">f.salih@intra-esavl.be<\/span><\/a><\/h4>\n<h4><\/h4>\n<\/div>\n<\/div>\n<\/div>\n<\/div>\n<\/div>\n<\/div>\n<\/div>\n","protected":false},"excerpt":{"rendered":"<p>Pr\u00eat de mat\u00e9riel informatique Si vous \u00e9prouvez des difficult\u00e9s financi\u00e8res et n\u2019\u00eates pas en mesure de vous procurer le mat\u00e9riel n\u00e9cessaire \u00e0 la bonne poursuite de votre scolarit\u00e9, vous pouvez &#8230;<\/p>\n","protected":false},"author":1,"featured_media":0,"parent":2023,"menu_order":0,"comment_status":"closed","ping_status":"closed","template":"","meta":{"footnotes":""},"class_list":["post-2668","page","type-page","status-publish","hentry"],"_links":{"self":[{"href":"https:\/\/www.intra-esavl.be\/index.php\/wp-json\/wp\/v2\/pages\/2668","targetHints":{"allow":["GET"]}}],"collection":[{"href":"https:\/\/www.intra-esavl.be\/index.php\/wp-json\/wp\/v2\/pages"}],"about":[{"href":"https:\/\/www.intra-esavl.be\/index.php\/wp-json\/wp\/v2\/types\/page"}],"author":[{"embeddable":true,"href":"https:\/\/www.intra-esavl.be\/index.php\/wp-json\/wp\/v2\/users\/1"}],"replies":[{"embeddable":true,"href":"https:\/\/www.intra-esavl.be\/index.php\/wp-json\/wp\/v2\/comments?post=2668"}],"version-history":[{"count":16,"href":"https:\/\/www.intra-esavl.be\/index.php\/wp-json\/wp\/v2\/pages\/2668\/revisions"}],"predecessor-version":[{"id":6318,"href":"https:\/\/www.intra-esavl.be\/index.php\/wp-json\/wp\/v2\/pages\/2668\/revisions\/6318"}],"up":[{"embeddable":true,"href":"https:\/\/www.intra-esavl.be\/index.php\/wp-json\/wp\/v2\/pages\/2023"}],"wp:attachment":[{"href":"https:\/\/www.intra-esavl.be\/index.php\/wp-json\/wp\/v2\/media?parent=2668"}],"curies":[{"name":"wp","href":"https:\/\/api.w.org\/{rel}","templated":true}]}}