{"id":2867,"date":"2021-01-11T12:16:27","date_gmt":"2021-01-11T11:16:27","guid":{"rendered":"https:\/\/www.intra-esavl.be\/?page_id=2867"},"modified":"2021-01-21T13:16:09","modified_gmt":"2021-01-21T12:16:09","slug":"delaunois","status":"publish","type":"page","link":"https:\/\/www.intra-esavl.be\/index.php\/covid-19-2\/2eme-quadrimestre\/delaunois\/","title":{"rendered":"Delaunois"},"content":{"rendered":"<p>Contact :\u00a0<a href=\"mailto:a.delaunois@intra-esavl.be\">a.delaunois@intra-esavl.be<\/a><\/p>\n<hr \/>\n<p><strong>Support 2\u00e8me quadrimestre : Actualit\u00e9s Culturelles\/Analyse<\/strong><\/p>\n<hr \/>\n<ul>\n<li><strong>1\u00e8re Bachelier : Publicit\u00e9 \/ Illustration\/ Bande Dessin\u00e9e :<\/strong><\/li>\n<\/ul>\n<ol>\n<li><a href=\"https:\/\/www.intra-esavl.be\/wp-content\/uploads\/2020\/10\/Cours-d\u2019Actualite\u0301s-culturelles.pdf\" target=\"_blank\" rel=\"noopener noreferrer\">Support \u00e9crit PDF<\/a><\/li>\n<\/ol>\n<ul>\n<li><strong>2\u00e8me Bachelier : Publicit\u00e9 \/ Illustration\/ Bande Dessin\u00e9e :<\/strong><\/li>\n<\/ul>\n<ol>\n<li><a href=\"https:\/\/www.intra-esavl.be\/wp-content\/uploads\/2020\/10\/Cours-d\u2019Actualite\u0301s-culturelles.pdf\" target=\"_blank\" rel=\"noopener noreferrer\">Support \u00e9crit PDF<\/a><\/li>\n<\/ol>\n<ul>\n<li><strong>3\u00e8me Bachelier : Publicit\u00e9 \/ Illustration\/ Bande Dessin\u00e9e :<\/strong><\/li>\n<\/ul>\n<ol>\n<li><a href=\"https:\/\/www.intra-esavl.be\/wp-content\/uploads\/2020\/10\/Cours-d\u2019Actualite\u0301s-culturelles.pdf\" target=\"_blank\" rel=\"noopener noreferrer\">Support \u00e9crit PDF<\/a><\/li>\n<\/ol>\n<ul>\n<li><strong>1\u00e8re Master : Publicit\u00e9 \/ Illustration\/ Bande Dessin\u00e9e : <em><br \/>\n<\/em><\/strong><\/li>\n<\/ul>\n<ol>\n<li><a href=\"https:\/\/www.intra-esavl.be\/wp-content\/uploads\/2020\/10\/Cours-d\u2019Actualite\u0301s-culturelles.pdf\" target=\"_blank\" rel=\"noopener noreferrer\">Support \u00e9crit PDF<\/a><\/li>\n<\/ol>\n","protected":false},"excerpt":{"rendered":"<p>Contact :\u00a0a.delaunois@intra-esavl.be Support 2\u00e8me quadrimestre : Actualit\u00e9s Culturelles\/Analyse 1\u00e8re Bachelier : Publicit\u00e9 \/ Illustration\/ Bande Dessin\u00e9e : Support \u00e9crit PDF 2\u00e8me Bachelier : Publicit\u00e9 \/ Illustration\/ Bande Dessin\u00e9e : Support &#8230;<\/p>\n","protected":false},"author":1,"featured_media":0,"parent":2855,"menu_order":0,"comment_status":"closed","ping_status":"closed","template":"","meta":{"footnotes":""},"class_list":["post-2867","page","type-page","status-publish","hentry"],"_links":{"self":[{"href":"https:\/\/www.intra-esavl.be\/index.php\/wp-json\/wp\/v2\/pages\/2867","targetHints":{"allow":["GET"]}}],"collection":[{"href":"https:\/\/www.intra-esavl.be\/index.php\/wp-json\/wp\/v2\/pages"}],"about":[{"href":"https:\/\/www.intra-esavl.be\/index.php\/wp-json\/wp\/v2\/types\/page"}],"author":[{"embeddable":true,"href":"https:\/\/www.intra-esavl.be\/index.php\/wp-json\/wp\/v2\/users\/1"}],"replies":[{"embeddable":true,"href":"https:\/\/www.intra-esavl.be\/index.php\/wp-json\/wp\/v2\/comments?post=2867"}],"version-history":[{"count":11,"href":"https:\/\/www.intra-esavl.be\/index.php\/wp-json\/wp\/v2\/pages\/2867\/revisions"}],"predecessor-version":[{"id":3044,"href":"https:\/\/www.intra-esavl.be\/index.php\/wp-json\/wp\/v2\/pages\/2867\/revisions\/3044"}],"up":[{"embeddable":true,"href":"https:\/\/www.intra-esavl.be\/index.php\/wp-json\/wp\/v2\/pages\/2855"}],"wp:attachment":[{"href":"https:\/\/www.intra-esavl.be\/index.php\/wp-json\/wp\/v2\/media?parent=2867"}],"curies":[{"name":"wp","href":"https:\/\/api.w.org\/{rel}","templated":true}]}}