{"id":3653,"date":"2022-01-14T12:25:53","date_gmt":"2022-01-14T11:25:53","guid":{"rendered":"https:\/\/www.intra-esavl.be\/?page_id=3653"},"modified":"2025-02-26T14:55:21","modified_gmt":"2025-02-26T13:55:21","slug":"classement-anciennete","status":"publish","type":"page","link":"https:\/\/www.intra-esavl.be\/index.php\/administration\/classement-anciennete\/","title":{"rendered":"Classement anciennet\u00e9"},"content":{"rendered":"<hr \/>\n<h2><span style=\"color: #ffc900;\">Classement par anciennet\u00e9 publi\u00e9 par la Ville de Li\u00e8ge &#8211; Enseignement Communal<\/span><\/h2>\n<hr \/>\n<h4>Circulaire de classement provisoire : <span style=\"color: #ff0000;\"><a style=\"color: #ff0000;\" href=\"https:\/\/www.intra-esavl.be\/wp-content\/uploads\/2025\/02\/Circulaire-classement-Beaux-Arts-31-decembre-2024.pdf\" target=\"_blank\" rel=\"noopener\">Cliquez ici<\/a><\/span><\/h4>\n<hr \/>\n<h4>Classement provisoire au 31\/12\/2024 : <span style=\"color: #ff0000;\"><a style=\"color: #ff0000;\" href=\"https:\/\/www.intra-esavl.be\/wp-content\/uploads\/2025\/02\/classement-provisoire-31-decembre-2024.pdf\" target=\"_blank\" rel=\"noopener\">Cliquez ici<\/a><\/span><\/h4>\n<hr \/>\n<h4>Formulaire de recours : <span style=\"color: #ff0000;\"><a style=\"color: #ff0000;\" href=\"https:\/\/www.intra-esavl.be\/wp-content\/uploads\/2025\/02\/Formulaire-recours-classement.pdf\" target=\"_blank\" rel=\"noopener\">Cliquez ici<\/a><\/span><\/h4>\n<hr \/>\n<p>&nbsp;<\/p>\n","protected":false},"excerpt":{"rendered":"<p>Classement par anciennet\u00e9 publi\u00e9 par la Ville de Li\u00e8ge &#8211; Enseignement Communal Circulaire de classement provisoire : Cliquez ici Classement provisoire au 31\/12\/2024 : Cliquez ici Formulaire de recours : &#8230;<\/p>\n","protected":false},"author":1,"featured_media":0,"parent":49,"menu_order":0,"comment_status":"closed","ping_status":"closed","template":"","meta":{"footnotes":""},"class_list":["post-3653","page","type-page","status-publish","hentry"],"_links":{"self":[{"href":"https:\/\/www.intra-esavl.be\/index.php\/wp-json\/wp\/v2\/pages\/3653","targetHints":{"allow":["GET"]}}],"collection":[{"href":"https:\/\/www.intra-esavl.be\/index.php\/wp-json\/wp\/v2\/pages"}],"about":[{"href":"https:\/\/www.intra-esavl.be\/index.php\/wp-json\/wp\/v2\/types\/page"}],"author":[{"embeddable":true,"href":"https:\/\/www.intra-esavl.be\/index.php\/wp-json\/wp\/v2\/users\/1"}],"replies":[{"embeddable":true,"href":"https:\/\/www.intra-esavl.be\/index.php\/wp-json\/wp\/v2\/comments?post=3653"}],"version-history":[{"count":8,"href":"https:\/\/www.intra-esavl.be\/index.php\/wp-json\/wp\/v2\/pages\/3653\/revisions"}],"predecessor-version":[{"id":6361,"href":"https:\/\/www.intra-esavl.be\/index.php\/wp-json\/wp\/v2\/pages\/3653\/revisions\/6361"}],"up":[{"embeddable":true,"href":"https:\/\/www.intra-esavl.be\/index.php\/wp-json\/wp\/v2\/pages\/49"}],"wp:attachment":[{"href":"https:\/\/www.intra-esavl.be\/index.php\/wp-json\/wp\/v2\/media?parent=3653"}],"curies":[{"name":"wp","href":"https:\/\/api.w.org\/{rel}","templated":true}]}}