{"id":6181,"date":"2024-12-10T10:39:09","date_gmt":"2024-12-10T09:39:09","guid":{"rendered":"https:\/\/www.intra-esavl.be\/?page_id=6181"},"modified":"2026-01-13T12:49:54","modified_gmt":"2026-01-13T11:49:54","slug":"semaine-blanche","status":"publish","type":"page","link":"https:\/\/www.intra-esavl.be\/index.php\/nos-differents-services\/semaine-blanche\/","title":{"rendered":"Semaine Blanche"},"content":{"rendered":"<h2><span style=\"color: #ffc900;\">Formulaire d&rsquo;inscription \u00e0 la \u00ab\u00a0Semaine Blanche\u00a0\u00bb<\/span><\/h2>\n<hr \/>\n<h3><strong>Pour acc\u00e9der \u00e0 la programmation de nos activit\u00e9s, cliquez sur <span style=\"color: #ff0000;\"><a style=\"color: #ff0000;\" href=\"https:\/\/www.intra-esavl.be\/wp-content\/uploads\/2026\/01\/Semaine-blanche-2026.pdf\" target=\"_blank\" rel=\"noopener\">ce lien.<\/a><\/span><br \/>\n<\/strong><\/h3>\n<hr \/>\n<h4><strong><span style=\"color: #ff0000;\">Les inscriptions sont obligatoires au moyen du formulaire ci-dessous.<\/span><\/strong><\/h4>\n<h4><strong><span style=\"color: #ff0000;\">Avant toute inscription, prenez soin de consulter l&rsquo;ensemble des activit\u00e9s organis\u00e9es, afin de d\u00e9finir correctement vos choix.<\/span><\/strong><\/h4>\n<h4><strong><span style=\"color: #2e5900;\">Attention : toute activit\u00e9 compl\u00e8te et pour laquelle il n&rsquo;y a plus de place ne sera plus accessible dans le formulaire.<\/span><\/strong><\/h4>\n<h4><span style=\"color: #3366ff;\"><a style=\"color: #3366ff;\" href=\"https:\/\/forms.cloud.microsoft\/e\/nTpNFCXMJ2\"><strong>Cliquez ici pour le formulaire<\/strong><\/a><\/span><\/h4>\n","protected":false},"excerpt":{"rendered":"<p>Formulaire d&rsquo;inscription \u00e0 la \u00ab\u00a0Semaine Blanche\u00a0\u00bb Pour acc\u00e9der \u00e0 la programmation de nos activit\u00e9s, cliquez sur ce lien. Les inscriptions sont obligatoires au moyen du formulaire ci-dessous. Avant toute inscription, &#8230;<\/p>\n","protected":false},"author":1,"featured_media":0,"parent":2023,"menu_order":0,"comment_status":"closed","ping_status":"closed","template":"","meta":{"footnotes":""},"class_list":["post-6181","page","type-page","status-publish","hentry"],"_links":{"self":[{"href":"https:\/\/www.intra-esavl.be\/index.php\/wp-json\/wp\/v2\/pages\/6181","targetHints":{"allow":["GET"]}}],"collection":[{"href":"https:\/\/www.intra-esavl.be\/index.php\/wp-json\/wp\/v2\/pages"}],"about":[{"href":"https:\/\/www.intra-esavl.be\/index.php\/wp-json\/wp\/v2\/types\/page"}],"author":[{"embeddable":true,"href":"https:\/\/www.intra-esavl.be\/index.php\/wp-json\/wp\/v2\/users\/1"}],"replies":[{"embeddable":true,"href":"https:\/\/www.intra-esavl.be\/index.php\/wp-json\/wp\/v2\/comments?post=6181"}],"version-history":[{"count":25,"href":"https:\/\/www.intra-esavl.be\/index.php\/wp-json\/wp\/v2\/pages\/6181\/revisions"}],"predecessor-version":[{"id":6852,"href":"https:\/\/www.intra-esavl.be\/index.php\/wp-json\/wp\/v2\/pages\/6181\/revisions\/6852"}],"up":[{"embeddable":true,"href":"https:\/\/www.intra-esavl.be\/index.php\/wp-json\/wp\/v2\/pages\/2023"}],"wp:attachment":[{"href":"https:\/\/www.intra-esavl.be\/index.php\/wp-json\/wp\/v2\/media?parent=6181"}],"curies":[{"name":"wp","href":"https:\/\/api.w.org\/{rel}","templated":true}]}}